{"id":2,"date":"2021-10-05T18:50:18","date_gmt":"2021-10-05T18:50:18","guid":{"rendered":"https:\/\/opendf.petetronics.com\/?page_id=2"},"modified":"2021-10-06T09:02:01","modified_gmt":"2021-10-06T09:02:01","slug":"sample-page","status":"publish","type":"page","link":"https:\/\/opendf.petetronics.com\/","title":{"rendered":"Untitled"},"content":{"rendered":"\n<h1 class=\"has-huge-font-size wp-block-heading\">OpenDF<\/h1>\n\n\n\n<h2 class=\"has-text-align-left wp-block-heading\"><strong><strong>Opettaja! Tule mukaan tekem\u00e4\u00e4n uusia asioita yhdess\u00e4 oppilaiden kanssa.<\/strong><\/strong><\/h2>\n\n\n\n<p><strong>Tarjoamme kokeellisen tuotekehitys-, tutkimus- ja keksint\u00f6ty\u00f6pajan lukioon. Koululle ty\u00f6paja on maksuton. K\u00e4yt\u00f6ss\u00e4 on arduinopohjainen kokonaisuus, ty\u00f6kalut ja asiantuntija-apu. Esittelyty\u00f6paja voidaan toteuttaa kertaluontoisesti ja my\u00f6s jatkaa sen j\u00e4lkeen kurssimuotoisena 1-10 kertaa \u00e1 2 tuntia.&nbsp;Sis\u00e4lt\u00f6 ja kesto r\u00e4\u00e4t\u00e4l\u00f6id\u00e4\u00e4n yhteisty\u00f6ss\u00e4 koulun ja opettajan kanssa.<\/strong><\/p>\n\n\n\n<figure class=\"wp-block-image size-full\"><img loading=\"lazy\" decoding=\"async\" width=\"890\" height=\"510\" src=\"https:\/\/opendf.petetronics.com\/wp-content\/uploads\/2021\/10\/headerImage-1.jpg\" alt=\"\" class=\"wp-image-36\" srcset=\"https:\/\/opendf.petetronics.com\/wp-content\/uploads\/2021\/10\/headerImage-1.jpg 890w, https:\/\/opendf.petetronics.com\/wp-content\/uploads\/2021\/10\/headerImage-1-300x172.jpg 300w, https:\/\/opendf.petetronics.com\/wp-content\/uploads\/2021\/10\/headerImage-1-768x440.jpg 768w\" sizes=\"auto, (max-width: 890px) 100vw, 890px\" \/><figcaption>Arkistokuvaa TuKoKe 2018<\/figcaption><\/figure>\n\n\n\n<p>Open Desing Factory -ty\u00f6pajojen toteutustavat muun muassa:<\/p>\n\n\n\n<ol class=\"wp-block-list\" type=\"1\"><li>Teematy\u00f6pajan j\u00e4rjest\u00e4minen koululla. Opettajan kanssa sovitaan laajuus ja sis\u00e4lt\u00f6 (hl\u00f6m\u00e4\u00e4r\u00e4, ajankohta jne.)<\/li><li>Teematy\u00f6pajan j\u00e4rjest\u00e4minen Design Factoryn tiloissa Otaniemess\u00e4. Opettajan kanssa sovitaan laajuus ja sis\u00e4lt\u00f6 (hl\u00f6m\u00e4\u00e4r\u00e4, ajankohta jne.)<\/li><li>TuKoKe-tapahtuman yhteydess\u00e4 kev\u00e4\u00e4ll\u00e4 2022<\/li><\/ol>\n\n\n\n<p>Esittelyt\u00f6pajan j\u00e4lkeen teemana voi hyvn olla my\u00f6s taideprojektin toteuttaminen tietotekniikan keinoin.<\/p>\n\n\n\n<figure class=\"wp-block-image size-large is-resized\"><img loading=\"lazy\" decoding=\"async\" src=\"https:\/\/opendf.petetronics.com\/wp-content\/uploads\/2021\/10\/image001-1024x232.png\" alt=\"\" class=\"wp-image-53\" width=\"609\" height=\"138\" srcset=\"https:\/\/opendf.petetronics.com\/wp-content\/uploads\/2021\/10\/image001-1024x232.png 1024w, https:\/\/opendf.petetronics.com\/wp-content\/uploads\/2021\/10\/image001-300x68.png 300w, https:\/\/opendf.petetronics.com\/wp-content\/uploads\/2021\/10\/image001-768x174.png 768w, https:\/\/opendf.petetronics.com\/wp-content\/uploads\/2021\/10\/image001-1536x348.png 1536w, https:\/\/opendf.petetronics.com\/wp-content\/uploads\/2021\/10\/image001-2048x464.png 2048w, https:\/\/opendf.petetronics.com\/wp-content\/uploads\/2021\/10\/image001-1568x355.png 1568w\" sizes=\"auto, (max-width: 609px) 100vw, 609px\" \/><\/figure>\n\n\n\n<p>Esimerkkej\u00e4 kurssiprojekteista ovat UV vedenpuhdistaja, elintoimintojen mittaus ja -sensorit, n\u00e4ytteen mikromuovipitoisuus<\/p>\n\n\n\n<p>TuKoKe sivut: <a href=\"http:\/\/www.tukoke.fi\" data-type=\"URL\" data-id=\"www.tukoke.fi\">www.tukoke.fi<\/a><\/p>\n\n\n\n<p>Opinkirjon materiaalia tukokesta: <a href=\"https:\/\/opinkirjo.fi\/toiminta\/tiedekasvatus-ja-opetus-2\/tutki-kokeile-kehita\/\">https:\/\/opinkirjo.fi\/toiminta\/tiedekasvatus-ja-opetus-2\/tutki-kokeile-kehita\/<\/a><\/p>\n\n\n<div class=\"wpforms-container wpforms-container-full\" id=\"wpforms-34\"><form id=\"wpforms-form-34\" class=\"wpforms-validate wpforms-form wpforms-ajax-form\" data-formid=\"34\" method=\"post\" enctype=\"multipart\/form-data\" action=\"\/index.php\/wp-json\/wp\/v2\/pages\/2\" data-token=\"3dcc36f72c149fbc72c1ea04132a8097\"><noscript class=\"wpforms-error-noscript\">Please enable JavaScript in your browser to complete this form.<\/noscript><div class=\"wpforms-field-container\"><div id=\"wpforms-34-field_0-container\" class=\"wpforms-field wpforms-field-name\" data-field-id=\"0\"><label class=\"wpforms-field-label\" for=\"wpforms-34-field_0\">Nimi <span class=\"wpforms-required-label\">*<\/span><\/label><div class=\"wpforms-field-row wpforms-field-medium\"><div class=\"wpforms-field-row-block wpforms-first wpforms-one-half\"><input type=\"text\" id=\"wpforms-34-field_0\" class=\"wpforms-field-name-first wpforms-field-required\" name=\"wpforms[fields][0][first]\" required><label for=\"wpforms-34-field_0\" class=\"wpforms-field-sublabel after \">First<\/label><\/div><div class=\"wpforms-field-row-block wpforms-one-half\"><input type=\"text\" id=\"wpforms-34-field_0-last\" class=\"wpforms-field-name-last wpforms-field-required\" name=\"wpforms[fields][0][last]\" required><label for=\"wpforms-34-field_0-last\" class=\"wpforms-field-sublabel after \">Last<\/label><\/div><\/div><\/div><div id=\"wpforms-34-field_1-container\" class=\"wpforms-field wpforms-field-email\" data-field-id=\"1\"><label class=\"wpforms-field-label\" for=\"wpforms-34-field_1\">S\u00e4hk\u00f6posti <span class=\"wpforms-required-label\">*<\/span><\/label><input type=\"email\" id=\"wpforms-34-field_1\" class=\"wpforms-field-medium wpforms-field-required\" name=\"wpforms[fields][1]\" required><\/div><div id=\"wpforms-34-field_2-container\" class=\"wpforms-field wpforms-field-textarea\" data-field-id=\"2\"><label class=\"wpforms-field-label\" for=\"wpforms-34-field_2\">Yhteydenotto - Ilmoita halukkuutesi tai kysy lis\u00e4tietoja <span class=\"wpforms-required-label\">*<\/span><\/label><textarea id=\"wpforms-34-field_2\" class=\"wpforms-field-medium wpforms-field-required\" name=\"wpforms[fields][2]\" required><\/textarea><\/div><\/div><div class=\"wpforms-submit-container\"><input type=\"hidden\" name=\"wpforms[id]\" value=\"34\"><input type=\"hidden\" name=\"wpforms[author]\" value=\"1\"><button type=\"submit\" name=\"wpforms[submit]\" id=\"wpforms-submit-34\" class=\"wpforms-submit\" data-alt-text=\"Sending...\" data-submit-text=\"Submit\" aria-live=\"assertive\" value=\"wpforms-submit\">Submit<\/button><img loading=\"lazy\" decoding=\"async\" src=\"https:\/\/opendf.petetronics.com\/wp-content\/plugins\/wpforms-lite\/assets\/images\/submit-spin.svg\" class=\"wpforms-submit-spinner\" style=\"display: none;\" width=\"26\" height=\"26\" alt=\"Loading\"><\/div><\/form><\/div>  <!-- .wpforms-container -->\n\n\n<p><strong>J\u00e4rjest\u00e4j\u00e4t:&nbsp;<\/strong>Aalto-yliopisto Desing Factory, Aalto-yliopisto Junior, Opinkirjo ja TEK<\/p>\n\n\n\n<p><strong>Miss\u00e4? <\/strong>Aalto Design Factory, Betonimiehenkuja 5C, Espoo<\/p>\n\n\n\n<p><strong>Mit\u00e4<\/strong>? Teknist\u00e4 apua ja ideoita Tutki Kokeile Kehit\u00e4 &#8211; kisaan sek\u00e4 lasten ja nuoren LUMATE-kasvatukseen<\/p>\n\n\n\t\t<div id=\"wpmapblock_0\" data-settings='{&quot;map_marker&quot;:[{&quot;lat&quot;:&quot;60.180990300000005&quot;,&quot;lng&quot;:&quot;24.831830603996885&quot;,&quot;title&quot;:&quot;Design Factory&quot;,&quot;content&quot;:&quot;&quot;,&quot;iconType&quot;:&quot;default&quot;,&quot;customIconUrl&quot;:&quot;&quot;,&quot;customIconWidth&quot;:&quot;25&quot;,&quot;customIconHeight&quot;:&quot;40&quot;}],&quot;map_zoom&quot;:10,&quot;scroll_wheel_zoom&quot;:false,&quot;map_type&quot;:&quot;GM&quot;}' class=\"wpmapblockrender\" style=\"\n\t\t\twidth: 100%;\n\t\t\theight: 500px;\n\t\t\"><\/div>\n        \n\n\n<pre class=\"wp-block-preformatted\"><\/pre>\n","protected":false},"excerpt":{"rendered":"<p>OpenDF Opettaja! Tule mukaan tekem\u00e4\u00e4n uusia asioita yhdess\u00e4 oppilaiden kanssa. Tarjoamme kokeellisen tuotekehitys-, tutkimus- ja keksint\u00f6ty\u00f6pajan lukioon. Koululle ty\u00f6paja on maksuton. K\u00e4yt\u00f6ss\u00e4 on arduinopohjainen kokonaisuus, ty\u00f6kalut ja asiantuntija-apu. Esittelyty\u00f6paja voidaan toteuttaa kertaluontoisesti ja my\u00f6s jatkaa sen j\u00e4lkeen kurssimuotoisena 1-10 kertaa \u00e1 2 tuntia.&nbsp;Sis\u00e4lt\u00f6 ja kesto r\u00e4\u00e4t\u00e4l\u00f6id\u00e4\u00e4n yhteisty\u00f6ss\u00e4 koulun ja opettajan kanssa. Open Desing Factory -ty\u00f6pajojen&hellip; <a class=\"more-link\" href=\"https:\/\/opendf.petetronics.com\/\">Continue reading <span class=\"screen-reader-text\">Untitled<\/span><\/a><\/p>\n","protected":false},"author":1,"featured_media":0,"parent":0,"menu_order":0,"comment_status":"closed","ping_status":"open","template":"","meta":{"footnotes":""},"class_list":["post-2","page","type-page","status-publish","hentry","entry"],"_links":{"self":[{"href":"https:\/\/opendf.petetronics.com\/index.php\/wp-json\/wp\/v2\/pages\/2","targetHints":{"allow":["GET"]}}],"collection":[{"href":"https:\/\/opendf.petetronics.com\/index.php\/wp-json\/wp\/v2\/pages"}],"about":[{"href":"https:\/\/opendf.petetronics.com\/index.php\/wp-json\/wp\/v2\/types\/page"}],"author":[{"embeddable":true,"href":"https:\/\/opendf.petetronics.com\/index.php\/wp-json\/wp\/v2\/users\/1"}],"replies":[{"embeddable":true,"href":"https:\/\/opendf.petetronics.com\/index.php\/wp-json\/wp\/v2\/comments?post=2"}],"version-history":[{"count":14,"href":"https:\/\/opendf.petetronics.com\/index.php\/wp-json\/wp\/v2\/pages\/2\/revisions"}],"predecessor-version":[{"id":58,"href":"https:\/\/opendf.petetronics.com\/index.php\/wp-json\/wp\/v2\/pages\/2\/revisions\/58"}],"wp:attachment":[{"href":"https:\/\/opendf.petetronics.com\/index.php\/wp-json\/wp\/v2\/media?parent=2"}],"curies":[{"name":"wp","href":"https:\/\/api.w.org\/{rel}","templated":true}]}}